{"id":16,"date":"2007-05-25T19:05:17","date_gmt":"2007-05-25T19:05:17","guid":{"rendered":"http:\/\/igt-ag.ch\/wordpress\/?page_id=16"},"modified":"2023-08-31T22:06:07","modified_gmt":"2023-08-31T20:06:07","slug":"mitgliederbereich","status":"publish","type":"page","link":"https:\/\/igt-ag.ch\/?page_id=16","title":{"rendered":"Mitgliedschaft"},"content":{"rendered":"<h3>Weshalb lohnt es sich Mitglied in einem Terrarienverein wie der IGT zu werden?<\/h3>\n<ul style=\"list-style-type: disc;\">\n<li>Mitgliedschaft in einem aktiven und vielseitigen Terrarienverein, dem nebst der Terraristik auch das Thema Naturschutz wichtig ist.<\/li>\n<li>Kostenlose Teilnahme an allen IGT Veranstaltungen.<\/li>\n<li>Regelm\u00e4ssiger Erfahrungsaustausch mit anderen Terrarianern.<\/li>\n<li>Teilnahme an der Generalversammlung und dem GV-Essen.<\/li>\n<li>Ausstellungsfl\u00e4che an der IGT B\u00f6rse in der ersten Reihe. B\u00f6rsenhelfer stellen gratis aus.<\/li>\n<li>Freiwillige Mitarbeit bei Arbeitseins\u00e4tzen (z.B. Trockenmauerbau etc.).<\/li>\n<li>Mitwirken in der Jury des Nachzuchtpreises. (Wird vorl\u00e4ufig nicht mehr durchgef\u00fchrt.)<\/li>\n<li>Ausschreiben von Nachzuchten im IGT WhatsApp Gruppenchat.<\/li>\n<li>10% Rabatt auf Frostfutter bei <a href=\"http:\/\/www.snakestation.ch\">snakestation.ch<\/a><\/li>\n<li>10% Rabatt auf Produkte der Eigenmarken bei <a href=\"https:\/\/www.terraristik-lorica.ch\/\">Lorica<\/a><\/li>\n<li>10% Rabatt auf das ganze Sortiment von <a href=\"https:\/\/www.djangoreptiles.com\/\">Djangoreptiles<\/a><\/li>\n<\/ul>\n<h3>Kosten pro Jahr<\/h3>\n<p>Einzelmitglieder Fr. 60.-<\/p>\n<p>Paarmitglieder Fr. 85.-<\/p>\n<p>Sch\u00fcler, Studenten, Lehrlinge Fr. 20.-<\/p>\n<h3>Anmeldeformular<\/h3>\n\n<div class=\"wpcf7 no-js\" id=\"wpcf7-f379-o1\" lang=\"en-US\" dir=\"ltr\" data-wpcf7-id=\"379\">\n<div class=\"screen-reader-response\"><p role=\"status\" aria-live=\"polite\" aria-atomic=\"true\"><\/p> <ul><\/ul><\/div>\n<form action=\"\/index.php?rest_route=%2Fwp%2Fv2%2Fpages%2F16#wpcf7-f379-o1\" method=\"post\" class=\"wpcf7-form init\" aria-label=\"Contact form\" novalidate=\"novalidate\" data-status=\"init\">\n<fieldset class=\"hidden-fields-container\"><input type=\"hidden\" name=\"_wpcf7\" value=\"379\" \/><input type=\"hidden\" name=\"_wpcf7_version\" value=\"6.1.5\" \/><input type=\"hidden\" name=\"_wpcf7_locale\" value=\"en_US\" \/><input type=\"hidden\" name=\"_wpcf7_unit_tag\" value=\"wpcf7-f379-o1\" \/><input type=\"hidden\" name=\"_wpcf7_container_post\" value=\"0\" \/><input type=\"hidden\" name=\"_wpcf7_posted_data_hash\" value=\"\" \/><input type=\"hidden\" name=\"_wpcf7_recaptcha_response\" value=\"\" \/>\n<\/fieldset>\n<p class=\"formnone\">Vorname*\n<\/p>\n<p><span class=\"wpcf7-form-control-wrap\" data-name=\"firstname\"><input size=\"40\" maxlength=\"400\" class=\"wpcf7-form-control wpcf7-text wpcf7-validates-as-required inputbig\" aria-required=\"true\" aria-invalid=\"false\" value=\"\" type=\"text\" name=\"firstname\" \/><\/span>\n<\/p>\n<p class=\"formnone\">Name*\n<\/p>\n<p><span class=\"wpcf7-form-control-wrap\" data-name=\"lastname\"><input size=\"40\" maxlength=\"400\" class=\"wpcf7-form-control wpcf7-text wpcf7-validates-as-required inputbig\" aria-required=\"true\" aria-invalid=\"false\" value=\"\" type=\"text\" name=\"lastname\" \/><\/span>\n<\/p>\n<p class=\"forminput\">Strasse*\n<\/p>\n<p><span class=\"wpcf7-form-control-wrap\" data-name=\"street\"><input size=\"40\" maxlength=\"400\" class=\"wpcf7-form-control wpcf7-text wpcf7-validates-as-required inputbig\" aria-required=\"true\" aria-invalid=\"false\" value=\"\" type=\"text\" name=\"street\" \/><\/span>\n<\/p>\n<p class=\"formnr\">Nr.*\n<\/p>\n<p><span class=\"wpcf7-form-control-wrap\" data-name=\"nr\"><input size=\"40\" maxlength=\"400\" class=\"wpcf7-form-control wpcf7-text wpcf7-validates-as-required inputsmall\" aria-required=\"true\" aria-invalid=\"false\" value=\"\" type=\"text\" name=\"nr\" \/><\/span>\n<\/p>\n<p class=\"forminputbreak\">Ort*\n<\/p>\n<p><span class=\"wpcf7-form-control-wrap\" data-name=\"place\"><input size=\"40\" maxlength=\"400\" class=\"wpcf7-form-control wpcf7-text wpcf7-validates-as-required inputbig\" aria-required=\"true\" aria-invalid=\"false\" value=\"\" type=\"text\" name=\"place\" \/><\/span>\n<\/p>\n<p class=\"formplz\">PLZ*\n<\/p>\n<p><span class=\"wpcf7-form-control-wrap\" data-name=\"zipcode\"><input size=\"40\" maxlength=\"400\" class=\"wpcf7-form-control wpcf7-text wpcf7-validates-as-required inputsmall\" aria-required=\"true\" aria-invalid=\"false\" value=\"\" type=\"text\" name=\"zipcode\" \/><\/span>\n<\/p>\n<p class=\"formnone\">Telefon\n<\/p>\n<p><span class=\"wpcf7-form-control-wrap\" data-name=\"phone\"><input size=\"40\" maxlength=\"400\" class=\"wpcf7-form-control wpcf7-text inputbig\" aria-invalid=\"false\" value=\"\" type=\"text\" name=\"phone\" \/><\/span>\n<\/p>\n<p class=\"formnone\">Email*\n<\/p>\n<p><span class=\"wpcf7-form-control-wrap\" data-name=\"email\"><input size=\"40\" maxlength=\"400\" class=\"wpcf7-form-control wpcf7-email wpcf7-validates-as-required wpcf7-text wpcf7-validates-as-email inputbig\" aria-required=\"true\" aria-invalid=\"false\" value=\"\" type=\"email\" name=\"email\" \/><\/span>\n<\/p>\n<p class=\"formnone\">Nachricht\n<\/p>\n<p><span class=\"wpcf7-form-control-wrap\" data-name=\"message\"><textarea cols=\"40\" rows=\"10\" maxlength=\"2000\" class=\"wpcf7-form-control wpcf7-textarea inputbox\" aria-invalid=\"false\" name=\"message\"><\/textarea><\/span>\n<\/p>\n<p class=\"glossyButton\"><input class=\"wpcf7-form-control wpcf7-submit has-spinner\" type=\"submit\" value=\"Senden\" \/>\n<\/p><div class=\"wpcf7-response-output\" aria-hidden=\"true\"><\/div>\n<\/form>\n<\/div>\n\n","protected":false},"excerpt":{"rendered":"<p>Weshalb lohnt es sich Mitglied in einem Terrarienverein wie der IGT zu werden? Mitgliedschaft in einem aktiven und vielseitigen Terrarienverein, dem nebst der Terraristik auch das Thema Naturschutz wichtig ist. Kostenlose Teilnahme an allen IGT Veranstaltungen. Regelm\u00e4ssiger Erfahrungsaustausch mit anderen Terrarianern. Teilnahme an der Generalversammlung und dem GV-Essen. Ausstellungsfl\u00e4che an der IGT B\u00f6rse in der &hellip; <a href=\"https:\/\/igt-ag.ch\/?page_id=16\" class=\"more-link\"><span class=\"screen-reader-text\">Mitgliedschaft<\/span> weiterlesen <span class=\"meta-nav\">&rarr;<\/span><\/a><\/p>\n","protected":false},"author":2,"featured_media":0,"parent":0,"menu_order":9,"comment_status":"closed","ping_status":"closed","template":"","meta":{"ngg_post_thumbnail":0,"footnotes":""},"class_list":["post-16","page","type-page","status-publish","hentry"],"_links":{"self":[{"href":"https:\/\/igt-ag.ch\/index.php?rest_route=\/wp\/v2\/pages\/16","targetHints":{"allow":["GET"]}}],"collection":[{"href":"https:\/\/igt-ag.ch\/index.php?rest_route=\/wp\/v2\/pages"}],"about":[{"href":"https:\/\/igt-ag.ch\/index.php?rest_route=\/wp\/v2\/types\/page"}],"author":[{"embeddable":true,"href":"https:\/\/igt-ag.ch\/index.php?rest_route=\/wp\/v2\/users\/2"}],"replies":[{"embeddable":true,"href":"https:\/\/igt-ag.ch\/index.php?rest_route=%2Fwp%2Fv2%2Fcomments&post=16"}],"version-history":[{"count":0,"href":"https:\/\/igt-ag.ch\/index.php?rest_route=\/wp\/v2\/pages\/16\/revisions"}],"wp:attachment":[{"href":"https:\/\/igt-ag.ch\/index.php?rest_route=%2Fwp%2Fv2%2Fmedia&parent=16"}],"curies":[{"name":"wp","href":"https:\/\/api.w.org\/{rel}","templated":true}]}}