{"id":278,"date":"2011-01-27T14:50:05","date_gmt":"2011-01-27T14:50:05","guid":{"rendered":"http:\/\/igt-ag.ch\/wordpress\/?page_id=278"},"modified":"2024-12-10T19:09:33","modified_gmt":"2024-12-10T18:09:33","slug":"anmeldeformular-borse","status":"publish","type":"page","link":"https:\/\/igt-ag.ch\/?page_id=278","title":{"rendered":"Anmeldeformular"},"content":{"rendered":"<p>Ausstellerfl\u00e4chen werden seit 2015 nicht mehr pro Meter vermietet sondern pro Tisch. Ein Tisch \u00e0 220cm kostet 40.- Fr. Ein halber Tisch \u00e0 110cm kostet 20.- Fr. Die Tischtiefe betr\u00e4gt 60cm. Wer freie Bodenfl\u00e4che ben\u00f6tigt, kann keine halben Einheiten mieten.<\/p>\n<p><span style=\"color: #ff0000;\"><strong>\u00a0<\/strong><\/span><\/p>\n<p><span style=\"color: #ff0000;\"><strong>\u00a0<\/strong><\/span><\/p>\n\n<div class=\"wpcf7 no-js\" id=\"wpcf7-f380-o1\" lang=\"en-US\" dir=\"ltr\" data-wpcf7-id=\"380\">\n<div class=\"screen-reader-response\"><p role=\"status\" aria-live=\"polite\" aria-atomic=\"true\"><\/p> <ul><\/ul><\/div>\n<form action=\"\/index.php?rest_route=%2Fwp%2Fv2%2Fpages%2F278#wpcf7-f380-o1\" method=\"post\" class=\"wpcf7-form init\" aria-label=\"Contact form\" novalidate=\"novalidate\" data-status=\"init\">\n<fieldset class=\"hidden-fields-container\"><input type=\"hidden\" name=\"_wpcf7\" value=\"380\" \/><input type=\"hidden\" name=\"_wpcf7_version\" value=\"6.1.5\" \/><input type=\"hidden\" name=\"_wpcf7_locale\" value=\"en_US\" \/><input type=\"hidden\" name=\"_wpcf7_unit_tag\" value=\"wpcf7-f380-o1\" \/><input type=\"hidden\" name=\"_wpcf7_container_post\" value=\"0\" \/><input type=\"hidden\" name=\"_wpcf7_posted_data_hash\" value=\"\" \/><input type=\"hidden\" name=\"_wpcf7_recaptcha_response\" value=\"\" \/>\n<\/fieldset>\n<p class=\"col-2\">Verk\u00e4ufer*\n<\/p>\n<p><span class=\"wpcf7-form-control-wrap\" data-name=\"vendor\"><input size=\"40\" maxlength=\"400\" class=\"wpcf7-form-control wpcf7-text wpcf7-validates-as-required inputbig\" aria-required=\"true\" aria-invalid=\"false\" value=\"\" type=\"text\" name=\"vendor\" \/><\/span>\n<\/p>\n<p class=\"col-2\">Strasse*\n<\/p>\n<p><span class=\"wpcf7-form-control-wrap\" data-name=\"street\"><input size=\"40\" maxlength=\"400\" class=\"wpcf7-form-control wpcf7-text wpcf7-validates-as-required inputbig\" aria-required=\"true\" aria-invalid=\"false\" value=\"\" type=\"text\" name=\"street\" \/><\/span>\n<\/p>\n<p class=\"col-2\">Nr.*\n<\/p>\n<p><span class=\"wpcf7-form-control-wrap\" data-name=\"nr\"><input size=\"40\" maxlength=\"400\" class=\"wpcf7-form-control wpcf7-text wpcf7-validates-as-required inputsmall\" aria-required=\"true\" aria-invalid=\"false\" value=\"\" type=\"text\" name=\"nr\" \/><\/span>\n<\/p>\n<p class=\"col-2\">Ort*\n<\/p>\n<p><span class=\"wpcf7-form-control-wrap\" data-name=\"place\"><input size=\"40\" maxlength=\"400\" class=\"wpcf7-form-control wpcf7-text wpcf7-validates-as-required inputbig\" aria-required=\"true\" aria-invalid=\"false\" value=\"\" type=\"text\" name=\"place\" \/><\/span>\n<\/p>\n<p class=\"col-2\">PLZ*\n<\/p>\n<p><span class=\"wpcf7-form-control-wrap\" data-name=\"zipcode\"><input size=\"40\" maxlength=\"400\" class=\"wpcf7-form-control wpcf7-text wpcf7-validates-as-required inputsmall\" aria-required=\"true\" aria-invalid=\"false\" value=\"\" type=\"text\" name=\"zipcode\" \/><\/span>\n<\/p>\n<p class=\"col-2\">Telefon\n<\/p>\n<p><span class=\"wpcf7-form-control-wrap\" data-name=\"phone\"><input size=\"40\" maxlength=\"400\" class=\"wpcf7-form-control wpcf7-text inputbig\" aria-invalid=\"false\" value=\"\" type=\"text\" name=\"phone\" \/><\/span>\n<\/p>\n<p class=\"col-2\">Ihre Email*\n<\/p>\n<p><span class=\"wpcf7-form-control-wrap\" data-name=\"email\"><input size=\"40\" maxlength=\"400\" class=\"wpcf7-form-control wpcf7-email wpcf7-validates-as-required wpcf7-text wpcf7-validates-as-email inputbig\" aria-required=\"true\" aria-invalid=\"false\" value=\"\" type=\"email\" name=\"email\" \/><\/span>\n<\/p>\n<p class=\"col-2\"> Anzahl Ausstellungstische*\n<\/p>\n<p><span class=\"wpcf7-form-control-wrap\" data-name=\"squaremeters\"><input size=\"40\" maxlength=\"400\" class=\"wpcf7-form-control wpcf7-text wpcf7-validates-as-required inputsmall\" aria-required=\"true\" aria-invalid=\"false\" value=\"\" type=\"text\" name=\"squaremeters\" \/><\/span>\n<\/p>\n<table class=\"tableapplication\">\n<col style=\"width:50%\" \/>\n<col style=\"width:50%\" \/>\n\t<thead>\n\t\t<tr>\n\t\t\t<th class=\"col-1\">\n\t\t\t\t<p>Art\n\t\t\t\t<\/p>\n\t\t\t<\/th>\n\t\t\t<th class=\"col-1\">\n\t\t\t\t<p>Anzahl\/Geschlecht\n\t\t\t\t<\/p>\n\t\t\t<\/th>\n\t\t<\/tr>\n\t\t<tr>\n\t\t\t<td>\n\t\t\t\t<p class=\"formanimal\"><br \/>\n<span class=\"wpcf7-form-control-wrap\" data-name=\"animal1\"><input size=\"40\" maxlength=\"400\" class=\"wpcf7-form-control wpcf7-text animal\" aria-invalid=\"false\" value=\"\" type=\"text\" name=\"animal1\" \/><\/span>\n\t\t\t\t<\/p>\n\t\t\t<\/td>\n\t\t\t<td>\n\t\t\t\t<p class=\"formsex\"><br \/>\n<span class=\"wpcf7-form-control-wrap\" data-name=\"sex1\"><input size=\"40\" maxlength=\"400\" class=\"wpcf7-form-control wpcf7-text sex\" aria-invalid=\"false\" value=\"\" type=\"text\" name=\"sex1\" \/><\/span>\n\t\t\t\t<\/p>\n\t\t\t<\/td>\n\t\t<\/tr>\n\t\t<tr>\n\t\t\t<td>\n\t\t\t\t<p class=\"formanimalbreak\"><br \/>\n<span class=\"wpcf7-form-control-wrap\" data-name=\"animal2\"><input size=\"40\" maxlength=\"400\" class=\"wpcf7-form-control wpcf7-text animal\" aria-invalid=\"false\" value=\"\" type=\"text\" name=\"animal2\" \/><\/span>\n\t\t\t\t<\/p>\n\t\t\t<\/td>\n\t\t\t<td>\n\t\t\t\t<p class=\"formsex\"><br \/>\n<span class=\"wpcf7-form-control-wrap\" data-name=\"sex2\"><input size=\"40\" maxlength=\"400\" class=\"wpcf7-form-control wpcf7-text sex\" aria-invalid=\"false\" value=\"\" type=\"text\" name=\"sex2\" \/><\/span>\n\t\t\t\t<\/p>\n\t\t\t<\/td>\n\t\t<\/tr>\n\t\t<tr>\n\t\t\t<td>\n\t\t\t\t<p class=\"formanimalbreak\"><br \/>\n<span class=\"wpcf7-form-control-wrap\" data-name=\"animal3\"><input size=\"40\" maxlength=\"400\" class=\"wpcf7-form-control wpcf7-text animal\" aria-invalid=\"false\" value=\"\" type=\"text\" name=\"animal3\" \/><\/span>\n\t\t\t\t<\/p>\n\t\t\t<\/td>\n\t\t\t<td>\n\t\t\t\t<p class=\"formsex\"><br \/>\n<span class=\"wpcf7-form-control-wrap\" data-name=\"sex3\"><input size=\"40\" maxlength=\"400\" class=\"wpcf7-form-control wpcf7-text sex\" aria-invalid=\"false\" value=\"\" type=\"text\" name=\"sex3\" \/><\/span>\n\t\t\t\t<\/p>\n\t\t\t<\/td>\n\t\t<\/tr>\n\t\t<tr>\n\t\t\t<td>\n\t\t\t\t<p class=\"formanimalbreak\"><br \/>\n<span class=\"wpcf7-form-control-wrap\" data-name=\"animal4\"><input size=\"40\" maxlength=\"400\" class=\"wpcf7-form-control wpcf7-text animal\" aria-invalid=\"false\" value=\"\" type=\"text\" name=\"animal4\" \/><\/span>\n\t\t\t\t<\/p>\n\t\t\t<\/td>\n\t\t\t<td>\n\t\t\t\t<p class=\"formsex\"><br \/>\n<span class=\"wpcf7-form-control-wrap\" data-name=\"sex4\"><input size=\"40\" maxlength=\"400\" class=\"wpcf7-form-control wpcf7-text sex\" aria-invalid=\"false\" value=\"\" type=\"text\" name=\"sex4\" \/><\/span>\n\t\t\t\t<\/p>\n\t\t\t<\/td>\n\t\t<\/tr>\n\t\t<tr>\n\t\t\t<td>\n\t\t\t\t<p class=\"formanimalbreak\"><br \/>\n<span class=\"wpcf7-form-control-wrap\" data-name=\"animal5\"><input size=\"40\" maxlength=\"400\" class=\"wpcf7-form-control wpcf7-text animal\" aria-invalid=\"false\" value=\"\" type=\"text\" name=\"animal5\" \/><\/span>\n\t\t\t\t<\/p>\n\t\t\t<\/td>\n\t\t\t<td>\n\t\t\t\t<p class=\"formsex\"><br \/>\n<span class=\"wpcf7-form-control-wrap\" data-name=\"sex5\"><input size=\"40\" maxlength=\"400\" class=\"wpcf7-form-control wpcf7-text sex\" aria-invalid=\"false\" value=\"\" type=\"text\" name=\"sex5\" \/><\/span>\n\t\t\t\t<\/p>\n\t\t\t<\/td>\n\t\t<\/tr>\n\t\t<tr>\n\t\t\t<td>\n\t\t\t\t<p class=\"formanimalbreak\"><br \/>\n<span class=\"wpcf7-form-control-wrap\" data-name=\"animal6\"><input size=\"40\" maxlength=\"400\" class=\"wpcf7-form-control wpcf7-text animal\" aria-invalid=\"false\" value=\"\" type=\"text\" name=\"animal6\" \/><\/span>\n\t\t\t\t<\/p>\n\t\t\t<\/td>\n\t\t\t<td>\n\t\t\t\t<p class=\"formsex\"><br \/>\n<span class=\"wpcf7-form-control-wrap\" data-name=\"sex6\"><input size=\"40\" maxlength=\"400\" class=\"wpcf7-form-control wpcf7-text sex\" aria-invalid=\"false\" value=\"\" type=\"text\" name=\"sex6\" \/><\/span>\n\t\t\t\t<\/p>\n\t\t\t<\/td>\n\t\t<\/tr>\n\t\t<tr>\n\t\t\t<td>\n\t\t\t\t<p class=\"formanimalbreak\"><br \/>\n<span class=\"wpcf7-form-control-wrap\" data-name=\"animal7\"><input size=\"40\" maxlength=\"400\" class=\"wpcf7-form-control wpcf7-text animal\" aria-invalid=\"false\" value=\"\" type=\"text\" name=\"animal7\" \/><\/span>\n\t\t\t\t<\/p>\n\t\t\t<\/td>\n\t\t\t<td>\n\t\t\t\t<p class=\"formsex\"><br \/>\n<span class=\"wpcf7-form-control-wrap\" data-name=\"sex7\"><input size=\"40\" maxlength=\"400\" class=\"wpcf7-form-control wpcf7-text sex\" aria-invalid=\"false\" value=\"\" type=\"text\" name=\"sex7\" \/><\/span>\n\t\t\t\t<\/p>\n\t\t\t<\/td>\n\t\t<\/tr>\n\t\t<tr>\n\t\t\t<td>\n\t\t\t\t<p class=\"formanimalbreak\"><br \/>\n<span class=\"wpcf7-form-control-wrap\" data-name=\"animal8\"><input size=\"40\" maxlength=\"400\" class=\"wpcf7-form-control wpcf7-text animal\" aria-invalid=\"false\" value=\"\" type=\"text\" name=\"animal8\" \/><\/span>\n\t\t\t\t<\/p>\n\t\t\t<\/td>\n\t\t\t<td>\n\t\t\t\t<p class=\"formsex\"><br \/>\n<span class=\"wpcf7-form-control-wrap\" data-name=\"sex8\"><input size=\"40\" maxlength=\"400\" class=\"wpcf7-form-control wpcf7-text sex\" aria-invalid=\"false\" value=\"\" type=\"text\" name=\"sex8\" \/><\/span>\n\t\t\t\t<\/p>\n\t\t\t<\/td>\n\t\t<\/tr>\n\t\t<tr>\n\t\t\t<td>\n\t\t\t\t<p class=\"formanimalbreak\"><br \/>\n<span class=\"wpcf7-form-control-wrap\" data-name=\"animal9\"><input size=\"40\" maxlength=\"400\" class=\"wpcf7-form-control wpcf7-text animal\" aria-invalid=\"false\" value=\"\" type=\"text\" name=\"animal9\" \/><\/span>\n\t\t\t\t<\/p>\n\t\t\t<\/td>\n\t\t\t<td>\n\t\t\t\t<p class=\"formsex\"><br \/>\n<span class=\"wpcf7-form-control-wrap\" data-name=\"sex9\"><input size=\"40\" maxlength=\"400\" class=\"wpcf7-form-control wpcf7-text sex\" aria-invalid=\"false\" value=\"\" type=\"text\" name=\"sex9\" \/><\/span>\n\t\t\t\t<\/p>\n\t\t\t<\/td>\n\t\t<\/tr>\n\t\t<tr>\n\t\t\t<td>\n\t\t\t\t<p class=\"formanimalbreak\"><br \/>\n<span class=\"wpcf7-form-control-wrap\" data-name=\"animal10\"><input size=\"40\" maxlength=\"400\" class=\"wpcf7-form-control wpcf7-text animal\" aria-invalid=\"false\" value=\"\" type=\"text\" name=\"animal10\" \/><\/span>\n\t\t\t\t<\/p>\n\t\t\t<\/td>\n\t\t\t<td>\n\t\t\t\t<p class=\"formsex\"><br \/>\n<span class=\"wpcf7-form-control-wrap\" data-name=\"sex10\"><input size=\"40\" maxlength=\"400\" class=\"wpcf7-form-control wpcf7-text sex\" aria-invalid=\"false\" value=\"\" type=\"text\" name=\"sex10\" \/><\/span>\n\t\t\t\t<\/p>\n\t\t\t<\/td>\n\t\t<\/tr>\n\t\t<tr>\n\t\t\t<td>\n\t\t\t\t<p class=\"formanimalbreak\"><br \/>\n<span class=\"wpcf7-form-control-wrap\" data-name=\"animal11\"><input size=\"40\" maxlength=\"400\" class=\"wpcf7-form-control wpcf7-text animal\" aria-invalid=\"false\" value=\"\" type=\"text\" name=\"animal11\" \/><\/span>\n\t\t\t\t<\/p>\n\t\t\t<\/td>\n\t\t\t<td>\n\t\t\t\t<p class=\"formsex\"><br \/>\n<span class=\"wpcf7-form-control-wrap\" data-name=\"sex11\"><input size=\"40\" maxlength=\"400\" class=\"wpcf7-form-control wpcf7-text sex\" aria-invalid=\"false\" value=\"\" type=\"text\" name=\"sex11\" \/><\/span>\n\t\t\t\t<\/p>\n\t\t\t<\/td>\n\t\t<\/tr>\n\t\t<tr>\n\t\t\t<td>\n\t\t\t\t<p class=\"formanimalbreak\"><br \/>\n<span class=\"wpcf7-form-control-wrap\" data-name=\"animal12\"><input size=\"40\" maxlength=\"400\" class=\"wpcf7-form-control wpcf7-text animal\" aria-invalid=\"false\" value=\"\" type=\"text\" name=\"animal12\" \/><\/span>\n\t\t\t\t<\/p>\n\t\t\t<\/td>\n\t\t\t<td>\n\t\t\t\t<p class=\"formsex\"><br \/>\n<span class=\"wpcf7-form-control-wrap\" data-name=\"sex12\"><input size=\"40\" maxlength=\"400\" class=\"wpcf7-form-control wpcf7-text sex\" aria-invalid=\"false\" value=\"\" type=\"text\" name=\"sex12\" \/><\/span>\n\t\t\t\t<\/p>\n\t\t\t<\/td>\n\t\t<\/tr>\n\t\t<tr>\n\t\t\t<td>\n\t\t\t\t<p class=\"formanimalbreak\"><br \/>\n<span class=\"wpcf7-form-control-wrap\" data-name=\"animal13\"><input size=\"40\" maxlength=\"400\" class=\"wpcf7-form-control wpcf7-text animal\" aria-invalid=\"false\" value=\"\" type=\"text\" name=\"animal13\" \/><\/span>\n\t\t\t\t<\/p>\n\t\t\t<\/td>\n\t\t\t<td>\n\t\t\t\t<p class=\"formsex\"><br \/>\n<span class=\"wpcf7-form-control-wrap\" data-name=\"sex13\"><input size=\"40\" maxlength=\"400\" class=\"wpcf7-form-control wpcf7-text sex\" aria-invalid=\"false\" value=\"\" type=\"text\" name=\"sex13\" \/><\/span>\n\t\t\t\t<\/p>\n\t\t\t<\/td>\n\t\t<\/tr>\n\t\t<tr>\n\t\t\t<td>\n\t\t\t\t<p class=\"formanimalbreak\"><br \/>\n<span class=\"wpcf7-form-control-wrap\" data-name=\"animal14\"><input size=\"40\" maxlength=\"400\" class=\"wpcf7-form-control wpcf7-text animal\" aria-invalid=\"false\" value=\"\" type=\"text\" name=\"animal14\" \/><\/span>\n\t\t\t\t<\/p>\n\t\t\t<\/td>\n\t\t\t<td>\n\t\t\t\t<p class=\"formsex\"><br \/>\n<span class=\"wpcf7-form-control-wrap\" data-name=\"sex14\"><input size=\"40\" maxlength=\"400\" class=\"wpcf7-form-control wpcf7-text sex\" aria-invalid=\"false\" value=\"\" type=\"text\" name=\"sex14\" \/><\/span>\n\t\t\t\t<\/p>\n\t\t\t<\/td>\n\t\t<\/tr>\n\t\t<tr>\n\t\t\t<td>\n\t\t\t\t<p class=\"formanimalbreak\"><br \/>\n<span class=\"wpcf7-form-control-wrap\" data-name=\"animal15\"><input size=\"40\" maxlength=\"400\" class=\"wpcf7-form-control wpcf7-text animal\" aria-invalid=\"false\" value=\"\" type=\"text\" name=\"animal15\" \/><\/span>\n\t\t\t\t<\/p>\n\t\t\t<\/td>\n\t\t\t<td>\n\t\t\t\t<p class=\"formsex\"><br \/>\n<span class=\"wpcf7-form-control-wrap\" data-name=\"sex15\"><input size=\"40\" maxlength=\"400\" class=\"wpcf7-form-control wpcf7-text sex\" aria-invalid=\"false\" value=\"\" type=\"text\" name=\"sex15\" \/><\/span>\n\t\t\t\t<\/p>\n\t\t\t<\/td>\n\t\t<\/tr>\n\t\t<tr>\n\t\t\t<td>\n\t\t\t\t<p class=\"formanimalbreak\"><br \/>\n<span class=\"wpcf7-form-control-wrap\" data-name=\"animal16\"><input size=\"40\" maxlength=\"400\" class=\"wpcf7-form-control wpcf7-text animal\" aria-invalid=\"false\" value=\"\" type=\"text\" name=\"animal16\" \/><\/span>\n\t\t\t\t<\/p>\n\t\t\t<\/td>\n\t\t\t<td>\n\t\t\t\t<p class=\"formsex\"><br \/>\n<span class=\"wpcf7-form-control-wrap\" data-name=\"sex16\"><input size=\"40\" maxlength=\"400\" class=\"wpcf7-form-control wpcf7-text sex\" aria-invalid=\"false\" value=\"\" type=\"text\" name=\"sex16\" \/><\/span>\n\t\t\t\t<\/p>\n\t\t\t<\/td>\n\t\t<\/tr>\n\t\t<tr>\n\t\t\t<td>\n\t\t\t\t<p class=\"formanimalbreak\"><br \/>\n<span class=\"wpcf7-form-control-wrap\" data-name=\"animal17\"><input size=\"40\" maxlength=\"400\" class=\"wpcf7-form-control wpcf7-text animal\" aria-invalid=\"false\" value=\"\" type=\"text\" name=\"animal17\" \/><\/span>\n\t\t\t\t<\/p>\n\t\t\t<\/td>\n\t\t\t<td>\n\t\t\t\t<p class=\"formsex\"><br \/>\n<span class=\"wpcf7-form-control-wrap\" data-name=\"sex17\"><input size=\"40\" maxlength=\"400\" class=\"wpcf7-form-control wpcf7-text sex\" aria-invalid=\"false\" value=\"\" type=\"text\" name=\"sex17\" \/><\/span>\n\t\t\t\t<\/p>\n\t\t\t<\/td>\n\t\t<\/tr>\n\t\t<tr>\n\t\t\t<td>\n\t\t\t\t<p class=\"formanimalbreak\"><br \/>\n<span class=\"wpcf7-form-control-wrap\" data-name=\"animal18\"><input size=\"40\" maxlength=\"400\" class=\"wpcf7-form-control wpcf7-text animal\" aria-invalid=\"false\" value=\"\" type=\"text\" name=\"animal18\" \/><\/span>\n\t\t\t\t<\/p>\n\t\t\t<\/td>\n\t\t\t<td>\n\t\t\t\t<p class=\"formsex\"><br \/>\n<span class=\"wpcf7-form-control-wrap\" data-name=\"sex18\"><input size=\"40\" maxlength=\"400\" class=\"wpcf7-form-control wpcf7-text sex\" aria-invalid=\"false\" value=\"\" type=\"text\" name=\"sex18\" \/><\/span>\n\t\t\t\t<\/p>\n\t\t\t<\/td>\n\t\t<\/tr>\n\t\t<tr>\n\t\t\t<td>\n\t\t\t\t<p class=\"formanimalbreak\"><br \/>\n<span class=\"wpcf7-form-control-wrap\" data-name=\"animal19\"><input size=\"40\" maxlength=\"400\" class=\"wpcf7-form-control wpcf7-text animal\" aria-invalid=\"false\" value=\"\" type=\"text\" name=\"animal19\" \/><\/span>\n\t\t\t\t<\/p>\n\t\t\t<\/td>\n\t\t\t<td>\n\t\t\t\t<p class=\"formsex\"><br \/>\n<span class=\"wpcf7-form-control-wrap\" data-name=\"sex19\"><input size=\"40\" maxlength=\"400\" class=\"wpcf7-form-control wpcf7-text sex\" aria-invalid=\"false\" value=\"\" type=\"text\" name=\"sex19\" \/><\/span>\n\t\t\t\t<\/p>\n\t\t\t<\/td>\n\t\t<\/tr>\n\t\t<tr>\n\t\t\t<td>\n\t\t\t\t<p class=\"formanimalbreak\"><br \/>\n<span class=\"wpcf7-form-control-wrap\" data-name=\"animal20\"><input size=\"40\" maxlength=\"400\" class=\"wpcf7-form-control wpcf7-text animal\" aria-invalid=\"false\" value=\"\" type=\"text\" name=\"animal20\" \/><\/span>\n\t\t\t\t<\/p>\n\t\t\t<\/td>\n\t\t\t<td>\n\t\t\t\t<p class=\"formsex\"><br \/>\n<span class=\"wpcf7-form-control-wrap\" data-name=\"sex20\"><input size=\"40\" maxlength=\"400\" class=\"wpcf7-form-control wpcf7-text sex\" aria-invalid=\"false\" value=\"\" type=\"text\" name=\"sex20\" \/><\/span>\n\t\t\t\t<\/p>\n\t\t\t<\/td>\n\t\t<\/tr>\n\t<\/thead>\n<\/table>\n<p id=\"checkbox\"><span class=\"wpcf7-form-control-wrap\" data-name=\"Boersenreglement\"><span class=\"wpcf7-form-control wpcf7-acceptance\"><span class=\"wpcf7-list-item\"><input type=\"checkbox\" name=\"Boersenreglement\" value=\"1\" aria-invalid=\"false\" \/><\/span><\/span><\/span> Ich best\u00e4tige hiermit, das B\u00f6rsenreglement gelesen zu haben und dieses einzuhalten\n<\/p>\n<p><input class=\"wpcf7-form-control wpcf7-submit has-spinner\" type=\"submit\" value=\"Senden\" \/>\n<\/p><div class=\"wpcf7-response-output\" aria-hidden=\"true\"><\/div>\n<\/form>\n<\/div>\n\n","protected":false},"excerpt":{"rendered":"<p>Ausstellerfl\u00e4chen werden seit 2015 nicht mehr pro Meter vermietet sondern pro Tisch. Ein Tisch \u00e0 220cm kostet 40.- Fr. Ein halber Tisch \u00e0 110cm kostet 20.- Fr. Die Tischtiefe betr\u00e4gt 60cm. Wer freie Bodenfl\u00e4che ben\u00f6tigt, kann keine halben Einheiten mieten. \u00a0 \u00a0<\/p>\n","protected":false},"author":2,"featured_media":0,"parent":7,"menu_order":0,"comment_status":"closed","ping_status":"closed","template":"","meta":{"ngg_post_thumbnail":0,"footnotes":""},"class_list":["post-278","page","type-page","status-publish","hentry"],"_links":{"self":[{"href":"https:\/\/igt-ag.ch\/index.php?rest_route=\/wp\/v2\/pages\/278","targetHints":{"allow":["GET"]}}],"collection":[{"href":"https:\/\/igt-ag.ch\/index.php?rest_route=\/wp\/v2\/pages"}],"about":[{"href":"https:\/\/igt-ag.ch\/index.php?rest_route=\/wp\/v2\/types\/page"}],"author":[{"embeddable":true,"href":"https:\/\/igt-ag.ch\/index.php?rest_route=\/wp\/v2\/users\/2"}],"replies":[{"embeddable":true,"href":"https:\/\/igt-ag.ch\/index.php?rest_route=%2Fwp%2Fv2%2Fcomments&post=278"}],"version-history":[{"count":0,"href":"https:\/\/igt-ag.ch\/index.php?rest_route=\/wp\/v2\/pages\/278\/revisions"}],"up":[{"embeddable":true,"href":"https:\/\/igt-ag.ch\/index.php?rest_route=\/wp\/v2\/pages\/7"}],"wp:attachment":[{"href":"https:\/\/igt-ag.ch\/index.php?rest_route=%2Fwp%2Fv2%2Fmedia&parent=278"}],"curies":[{"name":"wp","href":"https:\/\/api.w.org\/{rel}","templated":true}]}}