{"id":376,"date":"2013-12-09T18:09:09","date_gmt":"2013-12-09T18:09:09","guid":{"rendered":"http:\/\/igt-ag.ch\/?page_id=376"},"modified":"2018-04-28T00:34:04","modified_gmt":"2018-04-28T00:34:04","slug":"pro-natura-schoggitaler-aktion-2013","status":"publish","type":"page","link":"https:\/\/igt-ag.ch\/?page_id=376","title":{"rendered":"Pro Natura Schoggitaler Aktion 2013"},"content":{"rendered":"<p>Pro Natura und der Schweizer Heimatschutz f\u00fchren jedes Jahr im September ihre Schoggitaler Aktion durch. Im Jahr 2013 wurde der Erl\u00f6s aus dem Verkauf der Schoggitaler f\u00fcr die Gestaltung neuer Weiher und T\u00fcmpel eingesetzt, um zus\u00e4tzlichen Lebensraum f\u00fcr unsere Amphibien zu gewinnen.<\/p>\n<p>Da unsere eigener Grossanlass, die Terrarienb\u00f6rse in Brunegg,\u00a0auch im September stattfindet, und weil uns als Terrarienverein die Schweizer Amphibien am Herzen liegen, hat sich die IGT an der Schoggitaler Aktion beteiligt.<\/p>\n<p>Die IGT kaufte mit den Einnahmen aus der letzten B\u00f6rse 300 Schoggitaler und verteilte sie w\u00e4hrend der diesj\u00e4hrigen B\u00f6rse in der Vianco Arena in Brunegg an das Publikum. Wir konnten so den Besuchern das Thema Naturschutz n\u00e4her bringen und gleichzeitig die Aktion von Pro Natura unterst\u00fctzen.<\/p>\n","protected":false},"excerpt":{"rendered":"<p>Pro Natura und der Schweizer Heimatschutz f\u00fchren jedes Jahr im September ihre Schoggitaler Aktion durch. Im Jahr 2013 wurde der Erl\u00f6s aus dem Verkauf der Schoggitaler f\u00fcr die Gestaltung neuer Weiher und T\u00fcmpel eingesetzt, um zus\u00e4tzlichen Lebensraum f\u00fcr unsere Amphibien zu gewinnen. Da unsere eigener Grossanlass, die Terrarienb\u00f6rse in Brunegg,\u00a0auch im September stattfindet, und weil &hellip; <a href=\"https:\/\/igt-ag.ch\/?page_id=376\" class=\"more-link\"><span class=\"screen-reader-text\">Pro Natura Schoggitaler Aktion 2013<\/span> weiterlesen <span class=\"meta-nav\">&rarr;<\/span><\/a><\/p>\n","protected":false},"author":2,"featured_media":0,"parent":13,"menu_order":95,"comment_status":"closed","ping_status":"open","template":"","meta":{"ngg_post_thumbnail":0,"footnotes":""},"class_list":["post-376","page","type-page","status-publish","hentry"],"_links":{"self":[{"href":"https:\/\/igt-ag.ch\/index.php?rest_route=\/wp\/v2\/pages\/376","targetHints":{"allow":["GET"]}}],"collection":[{"href":"https:\/\/igt-ag.ch\/index.php?rest_route=\/wp\/v2\/pages"}],"about":[{"href":"https:\/\/igt-ag.ch\/index.php?rest_route=\/wp\/v2\/types\/page"}],"author":[{"embeddable":true,"href":"https:\/\/igt-ag.ch\/index.php?rest_route=\/wp\/v2\/users\/2"}],"replies":[{"embeddable":true,"href":"https:\/\/igt-ag.ch\/index.php?rest_route=%2Fwp%2Fv2%2Fcomments&post=376"}],"version-history":[{"count":0,"href":"https:\/\/igt-ag.ch\/index.php?rest_route=\/wp\/v2\/pages\/376\/revisions"}],"up":[{"embeddable":true,"href":"https:\/\/igt-ag.ch\/index.php?rest_route=\/wp\/v2\/pages\/13"}],"wp:attachment":[{"href":"https:\/\/igt-ag.ch\/index.php?rest_route=%2Fwp%2Fv2%2Fmedia&parent=376"}],"curies":[{"name":"wp","href":"https:\/\/api.w.org\/{rel}","templated":true}]}}