{"id":560,"date":"2016-01-19T18:51:07","date_gmt":"2016-01-19T18:51:07","guid":{"rendered":"http:\/\/igt-ag.ch\/?page_id=560"},"modified":"2018-04-28T00:34:26","modified_gmt":"2018-04-28T00:34:26","slug":"pro-natura-auenschutz","status":"publish","type":"page","link":"https:\/\/igt-ag.ch\/?page_id=560","title":{"rendered":"Pro Natura Auenschutz"},"content":{"rendered":"<table class=\"tableProjekte\" border=\"0\">\n<tbody>\n<tr>\n<td colspan=\"2\" valign=\"top\" width=\"409\">Flusslandschaften geh\u00f6ren zu den artenreichsten Biotopen der Schweiz. Besonders dort, wo die Fl\u00fcsse Auen durchfliessen und diese mitgestalten, wirkt sich das positiv auf die Biodiversit\u00e4t aus. Zahlreiche Reptilien- und Amphibienarten bewohnen diesen Lebensraum.<br \/>\nAn der IGT B\u00f6rse 2015 haben wir pro Eintritt 1.- Fr. f\u00fcr eine Spende an Pro Natura gesammelt. Den Endbetrag haben wir zudem aus unserer Vereinskasse noch etwas aufgerundet. So konnten wir eine Spende in der H\u00f6he von 1500.- Fr. an Pro Natura \u00fcberweisen, der das Geld nun gezielt f\u00fcr den Kauf und f\u00fcr revitalisierende Massnahmen in Auenschutzgebieten einsetzt.\n<\/td>\n<td width=\"48\"><\/td>\n<td style=\"width: 300px;\" valign=\"top\"><a href=\"https:\/\/igt-ag.ch\/wp-content\/uploads\/2016\/01\/Feuersalamander_Salamandra_salamandra.jpg\"><img loading=\"lazy\" decoding=\"async\" class=\"size-medium wp-image-331 aligncenter\" title=\"Projekt Trockenmauer\" src=\"https:\/\/igt-ag.ch\/wp-content\/uploads\/2016\/01\/Feuersalamander_Salamandra_salamandra.jpg\" alt=\"\" width=\"300\" height=\"200\" \/><\/a><\/p>\n<\/div>\n<\/div>\n<p style=\"text-align: center;\"><a href=\"https:\/\/igt-ag.ch\/wp-content\/uploads\/2016\/01\/Laubfrosch_Hyla_arboreaM.jpg\"><img loading=\"lazy\" decoding=\"async\" class=\"size-medium wp-image-332 aligncenter\" title=\"Trockenmauer_image02\" src=\"https:\/\/igt-ag.ch\/wp-content\/uploads\/2016\/01\/Laubfrosch_Hyla_arboreaM.jpg\" alt=\"\" width=\"300\" height=\"200\" \/><\/a><\/p>\n<p style=\"text-align: center;\"><a href=\"https:\/\/igt-ag.ch\/wp-content\/uploads\/2016\/01\/Ringelnatter_Natrix_natrix2.jpg\"><img loading=\"lazy\" decoding=\"async\" class=\"aligncenter size-medium wp-image-333\" title=\"Trockenmauer_image03\" src=\"https:\/\/igt-ag.ch\/wp-content\/uploads\/2016\/01\/Ringelnatter_Natrix_natrix2.jpg\" alt=\"\" width=\"300\" height=\"200\" \/><\/a><\/p>\n<div title=\"Page 1\">\n<\/div>\n<\/div>\n<\/div>\n<\/div>\n<\/div>\n<\/div>\n<\/div>\n<\/div>\n<\/div>\n<\/td>\n<\/tr>\n<\/tbody>\n<\/table>\n<p>&nbsp;<\/p>\n","protected":false},"excerpt":{"rendered":"<p>Flusslandschaften geh\u00f6ren zu den artenreichsten Biotopen der Schweiz. Besonders dort, wo die Fl\u00fcsse Auen durchfliessen und diese mitgestalten, wirkt sich das positiv auf die Biodiversit\u00e4t aus. Zahlreiche Reptilien- und Amphibienarten bewohnen diesen Lebensraum. An der IGT B\u00f6rse 2015 haben wir pro Eintritt 1.- Fr. f\u00fcr eine Spende an Pro Natura gesammelt. Den Endbetrag haben wir &hellip; <a href=\"https:\/\/igt-ag.ch\/?page_id=560\" class=\"more-link\"><span class=\"screen-reader-text\">Pro Natura Auenschutz<\/span> weiterlesen <span class=\"meta-nav\">&rarr;<\/span><\/a><\/p>\n","protected":false},"author":2,"featured_media":0,"parent":13,"menu_order":94,"comment_status":"closed","ping_status":"closed","template":"","meta":{"ngg_post_thumbnail":0,"footnotes":""},"class_list":["post-560","page","type-page","status-publish","hentry"],"_links":{"self":[{"href":"https:\/\/igt-ag.ch\/index.php?rest_route=\/wp\/v2\/pages\/560","targetHints":{"allow":["GET"]}}],"collection":[{"href":"https:\/\/igt-ag.ch\/index.php?rest_route=\/wp\/v2\/pages"}],"about":[{"href":"https:\/\/igt-ag.ch\/index.php?rest_route=\/wp\/v2\/types\/page"}],"author":[{"embeddable":true,"href":"https:\/\/igt-ag.ch\/index.php?rest_route=\/wp\/v2\/users\/2"}],"replies":[{"embeddable":true,"href":"https:\/\/igt-ag.ch\/index.php?rest_route=%2Fwp%2Fv2%2Fcomments&post=560"}],"version-history":[{"count":0,"href":"https:\/\/igt-ag.ch\/index.php?rest_route=\/wp\/v2\/pages\/560\/revisions"}],"up":[{"embeddable":true,"href":"https:\/\/igt-ag.ch\/index.php?rest_route=\/wp\/v2\/pages\/13"}],"wp:attachment":[{"href":"https:\/\/igt-ag.ch\/index.php?rest_route=%2Fwp%2Fv2%2Fmedia&parent=560"}],"curies":[{"name":"wp","href":"https:\/\/api.w.org\/{rel}","templated":true}]}}