{"id":616,"date":"2016-10-17T17:34:51","date_gmt":"2016-10-17T17:34:51","guid":{"rendered":"http:\/\/igt-ag.ch\/?page_id=616"},"modified":"2018-04-28T00:35:04","modified_gmt":"2018-04-28T00:35:04","slug":"centre-emys","status":"publish","type":"page","link":"https:\/\/igt-ag.ch\/?page_id=616","title":{"rendered":"Centre Emys"},"content":{"rendered":"<p>Die Vereinigung \u201eProtection et R\u00e9cup\u00e9ration des Tortues (PRT)\u201c, ist seit \u00fcber zwanzig Jahren aktiv. Ihre wichtigste Aufgabe besteht in der Aufnahme von Schildkr\u00f6ten welche ihren Besitzern \u00fcberdr\u00fcssig geworden sind. Es ist das einzige Zentrum dieser Art in der Schweiz. Die PRT bietet solchen Schildkr\u00f6ten eine zweite Chance und verhindert damit, dass sie von ihren ehemaligen Besitzern mangels Alternativen in die freie Natur ausgesetzt werden, was eine erhebliche St\u00f6rung der \u00d6kosysteme bedeuten w\u00fcrde.<br \/>\nHeute betreut das Zentrum bereits rund 1\u2019200 Schildkr\u00f6ten und hat seine Kapazit\u00e4tsgrenzen erreicht. Doch die Zahl der Zug\u00e4nge nimmt konstant zu. Aus diesem Grund plant der PRT, in der N\u00e4he des aktuellen Standortes, den Bau eines neuen \u201eCentre Emys\u201c mit einer Aufnahmekapazit\u00e4t f\u00fcr 4\u2019000 bis 5\u2019000 Schildkr\u00f6ten. Nebst ihrer Aufgabe als Auffangstation soll dem PRT in den neuen R\u00e4umlichkeiten auch die M\u00f6glichkeit geboten werden, den Besuchern (darunter zahlreiche Schulklassen und Studenten) eine umfangreiche Beratung \u00fcber die besonderen Bed\u00fcrfnisse der Schildkr\u00f6ten und deren naturnahe Haltung abzugeben.<\/p>\n<p>Die IGT unterst\u00fctzt dieses Projekt mit einer Spende in der H\u00f6he von 2000.- Fr.<\/p>\n<p><a href=\"http:\/\/www.tortue.ch\/\">www.tortue.ch<\/a><\/p>\n<p><a href=\"https:\/\/igt-ag.ch\/wp-content\/uploads\/2016\/10\/Logo_PRT.jpg\"><img loading=\"lazy\" decoding=\"async\" class=\"aligncenter size-full wp-image-461\" src=\"https:\/\/igt-ag.ch\/wp-content\/uploads\/2016\/10\/Logo_PRT.jpg\" width=\"1849\" height=\"878\" \/><\/a> <a href=\"https:\/\/igt-ag.ch\/wp-content\/uploads\/2016\/10\/image-3.jpg\"><img loading=\"lazy\" decoding=\"async\" class=\"aligncenter size-full wp-image-462\" src=\"https:\/\/igt-ag.ch\/wp-content\/uploads\/2016\/10\/image-3.jpg\" width=\"1847\" height=\"876\" \/><\/a><\/p>\n","protected":false},"excerpt":{"rendered":"<p>Die Vereinigung \u201eProtection et R\u00e9cup\u00e9ration des Tortues (PRT)\u201c, ist seit \u00fcber zwanzig Jahren aktiv. Ihre wichtigste Aufgabe besteht in der Aufnahme von Schildkr\u00f6ten welche ihren Besitzern \u00fcberdr\u00fcssig geworden sind. Es ist das einzige Zentrum dieser Art in der Schweiz. Die PRT bietet solchen Schildkr\u00f6ten eine zweite Chance und verhindert damit, dass sie von ihren ehemaligen &hellip; <a href=\"https:\/\/igt-ag.ch\/?page_id=616\" class=\"more-link\"><span class=\"screen-reader-text\">Centre Emys<\/span> weiterlesen <span class=\"meta-nav\">&rarr;<\/span><\/a><\/p>\n","protected":false},"author":2,"featured_media":0,"parent":13,"menu_order":90,"comment_status":"closed","ping_status":"open","template":"","meta":{"ngg_post_thumbnail":0,"footnotes":""},"class_list":["post-616","page","type-page","status-publish","hentry"],"_links":{"self":[{"href":"https:\/\/igt-ag.ch\/index.php?rest_route=\/wp\/v2\/pages\/616","targetHints":{"allow":["GET"]}}],"collection":[{"href":"https:\/\/igt-ag.ch\/index.php?rest_route=\/wp\/v2\/pages"}],"about":[{"href":"https:\/\/igt-ag.ch\/index.php?rest_route=\/wp\/v2\/types\/page"}],"author":[{"embeddable":true,"href":"https:\/\/igt-ag.ch\/index.php?rest_route=\/wp\/v2\/users\/2"}],"replies":[{"embeddable":true,"href":"https:\/\/igt-ag.ch\/index.php?rest_route=%2Fwp%2Fv2%2Fcomments&post=616"}],"version-history":[{"count":0,"href":"https:\/\/igt-ag.ch\/index.php?rest_route=\/wp\/v2\/pages\/616\/revisions"}],"up":[{"embeddable":true,"href":"https:\/\/igt-ag.ch\/index.php?rest_route=\/wp\/v2\/pages\/13"}],"wp:attachment":[{"href":"https:\/\/igt-ag.ch\/index.php?rest_route=%2Fwp%2Fv2%2Fmedia&parent=616"}],"curies":[{"name":"wp","href":"https:\/\/api.w.org\/{rel}","templated":true}]}}