{"id":93,"date":"2010-12-31T14:54:26","date_gmt":"2010-12-31T14:54:26","guid":{"rendered":"http:\/\/igt-ag.ch\/wordpress\/?page_id=93"},"modified":"2014-09-30T12:05:49","modified_gmt":"2014-09-30T12:05:49","slug":"neue-tierschutzverordnung","status":"publish","type":"page","link":"https:\/\/igt-ag.ch\/?page_id=93","title":{"rendered":"Neue Tierschutzverordnung"},"content":{"rendered":"<p>Per 1. Januar 2014 trat eine \u00fcberarbeitete Eidgen\u00f6ssische Tierschutzverordnung (TSchV) in Kraft. Die Verordnung enth\u00e4lt eine Reihe neuer bzw. ge\u00e4nderter Bestimmungen bez\u00fcglich der Haltung von Amphibien und Reptilien. Sie kann im Internet als PDF unter folgender Adresse heruntergeladen werden: <a title=\"Tierschutzverordnung\" href=\"http:\/\/www.admin.ch\/opc\/de\/classified-compilation\/20080796\/201405010000\/455.1.pdf\" target=\"_blank\">http:\/\/www.admin.ch\/opc\/de\/classified-compilation\/20080796\/201405010000\/455.1.pdf<\/a><br \/>\nAufgrund der Bem\u00fchungen der DGHT und anderer Verb\u00e4nde konnten im Rahmen der Vernehmlassung eine Reihe von Fehler in der TSchV bereinigt werden. Trotzdem enth\u00e4lt der Verordnungstext weiterhin fachliche Fehler und aus Sicht einer artgerechten Reptilien- und Amphibienhaltung problematische Bestimmungen.<br \/>\nBei Problemen im Vollzug der neuen TSchV m\u00f6chte ich die betroffenen Tierhalter bitten, mich davon in Kenntnis zu setzen. Dies schafft die M\u00f6glichkeit, konkrete Beispiele in die Verhandlungen mit den zust\u00e4ndigen Beh\u00f6rden einzubringen. Wenn gew\u00fcnscht, werde ich mich auch um eine Vermittlung bem\u00fchen. Ich hoffe, dass es gelingen wird, weitere Fehler in der TSchV im Rahmen der n\u00e4chsten Revision bereinigen zu k\u00f6nnen.<\/p>\n<p>Beat Akeret<\/p>\n<p>Kontakt<br \/>\nDr. sc. nat. Beat Akeret<br \/>\nLeiter DGHT-Landesgruppe Schweiz<br \/>\nKatzenr\u00fctistrasse 5<br \/>\n8153 R\u00fcmlang<br \/>\n044 817 02 57<br \/>\ninfo[at]skn-reptilien.ch<\/p>\n","protected":false},"excerpt":{"rendered":"<p>Per 1. Januar 2014 trat eine \u00fcberarbeitete Eidgen\u00f6ssische Tierschutzverordnung (TSchV) in Kraft. Die Verordnung enth\u00e4lt eine Reihe neuer bzw. ge\u00e4nderter Bestimmungen bez\u00fcglich der Haltung von Amphibien und Reptilien. Sie kann im Internet als PDF unter folgender Adresse heruntergeladen werden: http:\/\/www.admin.ch\/opc\/de\/classified-compilation\/20080796\/201405010000\/455.1.pdf Aufgrund der Bem\u00fchungen der DGHT und anderer Verb\u00e4nde konnten im Rahmen der Vernehmlassung eine Reihe &hellip; <a href=\"https:\/\/igt-ag.ch\/?page_id=93\" class=\"more-link\"><span class=\"screen-reader-text\">Neue Tierschutzverordnung<\/span> weiterlesen <span class=\"meta-nav\">&rarr;<\/span><\/a><\/p>\n","protected":false},"author":2,"featured_media":0,"parent":0,"menu_order":10,"comment_status":"closed","ping_status":"closed","template":"","meta":{"ngg_post_thumbnail":0,"footnotes":""},"class_list":["post-93","page","type-page","status-publish","hentry"],"_links":{"self":[{"href":"https:\/\/igt-ag.ch\/index.php?rest_route=\/wp\/v2\/pages\/93","targetHints":{"allow":["GET"]}}],"collection":[{"href":"https:\/\/igt-ag.ch\/index.php?rest_route=\/wp\/v2\/pages"}],"about":[{"href":"https:\/\/igt-ag.ch\/index.php?rest_route=\/wp\/v2\/types\/page"}],"author":[{"embeddable":true,"href":"https:\/\/igt-ag.ch\/index.php?rest_route=\/wp\/v2\/users\/2"}],"replies":[{"embeddable":true,"href":"https:\/\/igt-ag.ch\/index.php?rest_route=%2Fwp%2Fv2%2Fcomments&post=93"}],"version-history":[{"count":0,"href":"https:\/\/igt-ag.ch\/index.php?rest_route=\/wp\/v2\/pages\/93\/revisions"}],"wp:attachment":[{"href":"https:\/\/igt-ag.ch\/index.php?rest_route=%2Fwp%2Fv2%2Fmedia&parent=93"}],"curies":[{"name":"wp","href":"https:\/\/api.w.org\/{rel}","templated":true}]}}